{"id":1023,"date":"2012-10-31T11:58:02","date_gmt":"2012-10-31T09:58:02","guid":{"rendered":"http:\/\/www.dgs-fussball.de\/?page_id=1023"},"modified":"2012-10-31T11:58:02","modified_gmt":"2012-10-31T09:58:02","slug":"frauen-landerspiele","status":"publish","type":"page","link":"https:\/\/www.dgs-fussball.de\/?page_id=1023","title":{"rendered":"Frauen L\u00e4nderspiele"},"content":{"rendered":"<p>1. L\u00e4nderspiele: <a href=\"https:\/\/www.dgs-fussball.de\/pdf\/statistik\/frals2008ggEngland.pdf\" target=\"_blank\">2008 in Mannheim gegen England <\/a><br \/>\n2. L\u00e4nderspiele: <a href=\"https:\/\/www.dgs-fussball.de\/pdf\/statistik\/frals2099ggDaenemark.pdf\" target=\"_blank\">2009 in Duisburg gegen D\u00e4nemark<\/a><\/p>\n","protected":false},"excerpt":{"rendered":"<p>1. L\u00e4nderspiele: 2008 in Mannheim gegen England 2. L\u00e4nderspiele: 2009 in Duisburg gegen D\u00e4nemark<\/p>\n","protected":false},"author":1,"featured_media":0,"parent":0,"menu_order":0,"comment_status":"closed","ping_status":"closed","template":"","meta":{"ngg_post_thumbnail":0,"footnotes":""},"class_list":["post-1023","page","type-page","status-publish","hentry"],"_links":{"self":[{"href":"https:\/\/www.dgs-fussball.de\/index.php?rest_route=\/wp\/v2\/pages\/1023","targetHints":{"allow":["GET"]}}],"collection":[{"href":"https:\/\/www.dgs-fussball.de\/index.php?rest_route=\/wp\/v2\/pages"}],"about":[{"href":"https:\/\/www.dgs-fussball.de\/index.php?rest_route=\/wp\/v2\/types\/page"}],"author":[{"embeddable":true,"href":"https:\/\/www.dgs-fussball.de\/index.php?rest_route=\/wp\/v2\/users\/1"}],"replies":[{"embeddable":true,"href":"https:\/\/www.dgs-fussball.de\/index.php?rest_route=%2Fwp%2Fv2%2Fcomments&post=1023"}],"version-history":[{"count":1,"href":"https:\/\/www.dgs-fussball.de\/index.php?rest_route=\/wp\/v2\/pages\/1023\/revisions"}],"predecessor-version":[{"id":1024,"href":"https:\/\/www.dgs-fussball.de\/index.php?rest_route=\/wp\/v2\/pages\/1023\/revisions\/1024"}],"wp:attachment":[{"href":"https:\/\/www.dgs-fussball.de\/index.php?rest_route=%2Fwp%2Fv2%2Fmedia&parent=1023"}],"curies":[{"name":"wp","href":"https:\/\/api.w.org\/{rel}","templated":true}]}}