{"id":52,"date":"2012-02-13T17:55:18","date_gmt":"2012-02-13T17:55:18","guid":{"rendered":"http:\/\/dgs-fussball.de\/wordpress\/?page_id=52"},"modified":"2025-01-17T00:36:48","modified_gmt":"2025-01-16T23:36:48","slug":"impressum","status":"publish","type":"page","link":"https:\/\/www.dgs-fussball.de\/?page_id=52","title":{"rendered":"Impressum"},"content":{"rendered":"<p id=\"newsline\" style=\"text-align: center;\">Verantwortlich f\u00fcr die dargestellten Inhalte ist die Pressestelle der Sparte Fu\u00dfball im DGSV e.V.<\/p>\n<p id=\"newsline\" style=\"text-align: center;\"><b>Postanschrift:<\/b><br \/>\nDeutscher Geh\u00f6rlosen-Sportverband<br \/>\n&#8211;&nbsp; Sparte Fu\u00dfball \/ Pressestelle &#8211;<br \/>\nVon-H\u00fcnefeld-Stra\u00dfe 12<br \/>\n50829 K\u00f6ln<\/p>\n<p style=\"text-align: center;\">E-Mail<br \/>\n<a href=\"mailto:fussball@dg-sv.de\">fussball<\/a><a href=\"mailto:presse@dgs-fussball.de\">@dg-sv.de<\/a><\/p>\n<p style=\"text-align: center;\">Deutscher Geh\u00f6rlosen Sportverband e.V. &#8211; Sparte Fu\u00dfball<br \/>\n<a href=\"https:\/\/www.dgs-fussball.de\" target=\"_blank\" rel=\"noopener\">https:\/\/www.dgs-fussball.de<\/a><\/p>\n<p style=\"text-align: center;\"><strong>Webmaster:<br \/>\n<\/strong>Dirk Kunter<\/p>\n<p style=\"text-align: center;\"><strong>Distanzierung &amp; Haftungshinweis:<\/strong><br \/>\nTrotz sorgf\u00e4ltiger inhaltlicher Kontrolle \u00fcbernehmen wir keine Haftung f\u00fcr die Inhalte externer Links.<br \/>\nF\u00fcr die Inhalte auf dgs-fussball.de verlinkten Webseiten sind ausschlie\u00dflich deren Betreiber verantwortlich.<\/p>\n<p style=\"text-align: center;\"><strong>Copyright:<\/strong><br \/>\nAlle Rechte vorbehalten. Die Reproduktion dieser Webseite, auch nur teilweise, ist ohne Erlaubnis vom Deutschen Geh\u00f6rlosen Sportverband e.V. nicht gestattet.<\/p>\n<p style=\"text-align: center;\"><strong>Warenzeichen:<\/strong><br \/>\nAlle auf dieser Webseite zitierten Warenzeichen, Produktnamen, Firmennamen, Logos, Grafiken,<br \/>\nBilder, Daten &amp; Inhalte sind Eigentum des jeweiligen Besitzer.<\/p>\n<p>&nbsp;<\/p>\n<p>&nbsp;<\/p>\n","protected":false},"excerpt":{"rendered":"<p>Verantwortlich f\u00fcr die dargestellten Inhalte ist die Pressestelle der Sparte Fu\u00dfball im DGSV e.V. Postanschrift: Deutscher Geh\u00f6rlosen-Sportverband &#8211;&nbsp; Sparte Fu\u00dfball \/ Pressestelle &#8211; Von-H\u00fcnefeld-Stra\u00dfe 12 50829 K\u00f6ln E-Mail fussball@dg-sv.de Deutscher Geh\u00f6rlosen Sportverband e.V. &#8211; Sparte Fu\u00dfball https:\/\/www.dgs-fussball.de Webmaster: Dirk Kunter Distanzierung &amp; Haftungshinweis: Trotz sorgf\u00e4ltiger inhaltlicher Kontrolle \u00fcbernehmen wir keine Haftung f\u00fcr die Inhalte externer Links. F\u00fcr die Inhalte auf<\/p>\n","protected":false},"author":1,"featured_media":0,"parent":0,"menu_order":0,"comment_status":"closed","ping_status":"closed","template":"","meta":{"ngg_post_thumbnail":0,"footnotes":""},"class_list":["post-52","page","type-page","status-publish","hentry"],"_links":{"self":[{"href":"https:\/\/www.dgs-fussball.de\/index.php?rest_route=\/wp\/v2\/pages\/52","targetHints":{"allow":["GET"]}}],"collection":[{"href":"https:\/\/www.dgs-fussball.de\/index.php?rest_route=\/wp\/v2\/pages"}],"about":[{"href":"https:\/\/www.dgs-fussball.de\/index.php?rest_route=\/wp\/v2\/types\/page"}],"author":[{"embeddable":true,"href":"https:\/\/www.dgs-fussball.de\/index.php?rest_route=\/wp\/v2\/users\/1"}],"replies":[{"embeddable":true,"href":"https:\/\/www.dgs-fussball.de\/index.php?rest_route=%2Fwp%2Fv2%2Fcomments&post=52"}],"version-history":[{"count":10,"href":"https:\/\/www.dgs-fussball.de\/index.php?rest_route=\/wp\/v2\/pages\/52\/revisions"}],"predecessor-version":[{"id":8545,"href":"https:\/\/www.dgs-fussball.de\/index.php?rest_route=\/wp\/v2\/pages\/52\/revisions\/8545"}],"wp:attachment":[{"href":"https:\/\/www.dgs-fussball.de\/index.php?rest_route=%2Fwp%2Fv2%2Fmedia&parent=52"}],"curies":[{"name":"wp","href":"https:\/\/api.w.org\/{rel}","templated":true}]}}