{"id":6367,"date":"2021-04-07T09:11:29","date_gmt":"2021-04-07T08:11:29","guid":{"rendered":"https:\/\/www.dgs-fussball.de\/?page_id=6367"},"modified":"2021-04-07T09:16:23","modified_gmt":"2021-04-07T08:16:23","slug":"herren-laenderspiele-neueueueue","status":"publish","type":"page","link":"https:\/\/www.dgs-fussball.de\/?page_id=6367","title":{"rendered":"Herren L\u00e4nderspiele"},"content":{"rendered":"\n<p><a href=\"https:\/\/www.dgs-fussball.de\/wordpress\/wp-content\/uploads\/2017\/02\/1.2.3.-1959-LS-Paris-Arnheim.pdf\" target=\"_blank\" rel=\"noreferrer noopener\">1959 &#8211; 1.\/2.\/3. Paris und Arnheim<\/a><br><a rel=\"noreferrer noopener\" href=\"https:\/\/www.dgs-fussball.de\/wordpress\/wp-content\/uploads\/2017\/02\/4.5.-1960-LS-Ljubljana.pdf\" target=\"_blank\">1960 &#8211; 4.\/5. Ljubljana<\/a><br><a rel=\"noreferrer noopener\" href=\"https:\/\/www.dgs-fussball.de\/wordpress\/wp-content\/uploads\/2017\/02\/7.-8.-1962-LS-Deggendorf-HaarM%C3%BCnchen.pdf\" target=\"_blank\">1962 &#8211; 7.\/8. Deggendorf + Haar, M\u00fcnchen<\/a><br><a rel=\"noreferrer noopener\" href=\"https:\/\/www.dgs-fussball.de\/wordpress\/wp-content\/uploads\/2017\/02\/9.-1964-LS-K%C3%B6ln.pdf\" target=\"_blank\">1964 &#8211; 9. K\u00f6ln<\/a><br><a rel=\"noreferrer noopener\" href=\"https:\/\/www.dgs-fussball.de\/wordpress\/wp-content\/uploads\/2017\/02\/10.-1966-LS-Malm%C3%B6.pdf\" target=\"_blank\">1966 &#8211; 10. Malm\u00f6<\/a><br><a rel=\"noreferrer noopener\" href=\"https:\/\/www.dgs-fussball.de\/wordpress\/wp-content\/uploads\/2017\/02\/11.-1967-LS-Paris.pdf\" target=\"_blank\">1967 &#8211; 11. Paris<\/a><br><a rel=\"noreferrer noopener\" href=\"https:\/\/www.dgs-fussball.de\/wordpress\/wp-content\/uploads\/2017\/02\/12.-1967-LS-Berlin.pdf\" target=\"_blank\">1967 &#8211; 12. Berlin<\/a><br><a rel=\"noreferrer noopener\" href=\"https:\/\/www.dgs-fussball.de\/wordpress\/wp-content\/uploads\/2017\/02\/13.-1968-LS-Stuttgart.pdf\" target=\"_blank\">1968 &#8211; 13. Stuttgart<\/a><br><a rel=\"noreferrer noopener\" href=\"https:\/\/www.dgs-fussball.de\/wordpress\/wp-content\/uploads\/2017\/02\/14.-1968-LS-Duisburg.pdf\" target=\"_blank\">1968 &#8211; 14. Duisburg<\/a><br><a rel=\"noreferrer noopener\" href=\"https:\/\/www.dgs-fussball.de\/wordpress\/wp-content\/uploads\/2017\/02\/15.-1969-LS-Amsterdam.pdf\" target=\"_blank\">1969 &#8211; 15. Amsterdam<\/a><br><a rel=\"noreferrer noopener\" href=\"https:\/\/www.dgs-fussball.de\/wordpress\/wp-content\/uploads\/2017\/02\/16.-1970-LS-M%C3%BCnchen.pdf\" target=\"_blank\">1970 &#8211; 16. M\u00fcnchen<\/a><br><a rel=\"noreferrer noopener\" href=\"https:\/\/www.dgs-fussball.de\/wordpress\/wp-content\/uploads\/2017\/02\/17.-1970-LS-Kopenhagen.pdf\" target=\"_blank\">1970 &#8211; 17. Kopenhagen<\/a><br><a rel=\"noreferrer noopener\" href=\"https:\/\/www.dgs-fussball.de\/wordpress\/wp-content\/uploads\/2017\/02\/18.-1971-LS-M%C3%BCnchen.pdf\" target=\"_blank\">1971 &#8211; 18. M\u00fcnchen<\/a><br><a rel=\"noreferrer noopener\" href=\"https:\/\/www.dgs-fussball.de\/wordpress\/wp-content\/uploads\/2017\/02\/19.-1971-LS-V%C3%A4steras.pdf\" target=\"_blank\">1971 &#8211; 19. V\u00e4steras<\/a><br><a rel=\"noreferrer noopener\" href=\"https:\/\/www.dgs-fussball.de\/wordpress\/wp-content\/uploads\/2017\/02\/20.-1974-LS-Zofingen.pdf\" target=\"_blank\">1974 &#8211; 20. Zofingen<\/a><br><a rel=\"noreferrer noopener\" href=\"https:\/\/www.dgs-fussball.de\/wordpress\/wp-content\/uploads\/2017\/02\/21.-1974-LS-Gouda.pdf\" target=\"_blank\">1974 &#8211; 21. Gouda<\/a><br><a rel=\"noreferrer noopener\" href=\"https:\/\/www.dgs-fussball.de\/wordpress\/wp-content\/uploads\/2017\/02\/22.-1975-LS-Hamburg.pdf\" target=\"_blank\">1975 &#8211; 22. Hamburg<\/a><br><a rel=\"noreferrer noopener\" href=\"https:\/\/www.dgs-fussball.de\/wordpress\/wp-content\/uploads\/2017\/02\/23.-1975-LS-Wiedenbr%C3%BCck.pdf\" target=\"_blank\">1975 &#8211; 23. Wiedenbr\u00fcck<\/a><br><a rel=\"noreferrer noopener\" href=\"https:\/\/www.dgs-fussball.de\/wordpress\/wp-content\/uploads\/2017\/02\/24.-1975-LS-Oslo.pdf\" target=\"_blank\">1975 &#8211; 24. Oslo<\/a><br><a rel=\"noreferrer noopener\" href=\"https:\/\/www.dgs-fussball.de\/wordpress\/wp-content\/uploads\/2017\/02\/25.-1975-FLS-Oslo.pdf\" target=\"_blank\">1975 &#8211; 25. Oslo<\/a><br><a rel=\"noreferrer noopener\" href=\"https:\/\/www.dgs-fussball.de\/wordpress\/wp-content\/uploads\/2017\/02\/26.-1977-LS-Strasbourg.pdf\" target=\"_blank\">1977 &#8211; 26. Strasbourg<\/a><br><a rel=\"noreferrer noopener\" href=\"https:\/\/www.dgs-fussball.de\/wordpress\/wp-content\/uploads\/2017\/02\/27.-1977-LS-Bratislava.pdf\" target=\"_blank\">1977 &#8211; 27. Bratislava<\/a><br><a rel=\"noreferrer noopener\" href=\"https:\/\/www.dgs-fussball.de\/wordpress\/wp-content\/uploads\/2017\/02\/28.-1978-LS-Salzburg.pdf\" target=\"_blank\">1978 &#8211; 28. Salzburg<\/a><br><a rel=\"noreferrer noopener\" href=\"https:\/\/www.dgs-fussball.de\/wordpress\/wp-content\/uploads\/2017\/02\/29.-1978-LS-D%C3%BCsseldorf.pdf\" target=\"_blank\">1978 &#8211; 29. D\u00fcsseldorf<\/a><br><a rel=\"noreferrer noopener\" href=\"https:\/\/www.dgs-fussball.de\/wordpress\/wp-content\/uploads\/2017\/02\/30.-1978-LS-Nikosia.pdf\" target=\"_blank\">1978 &#8211; 30. Nikosia<\/a><br><a rel=\"noreferrer noopener\" href=\"https:\/\/www.dgs-fussball.de\/wordpress\/wp-content\/uploads\/2017\/02\/31.-1979-LS-Wuppertal.pdf\" target=\"_blank\">1979 &#8211; 31. Wuppertal<\/a><br><a rel=\"noreferrer noopener\" href=\"https:\/\/www.dgs-fussball.de\/wordpress\/wp-content\/uploads\/2017\/02\/32.-1979-LS-Madrid.pdf\" target=\"_blank\">1979 &#8211; 32. Madrid<\/a><br><a rel=\"noreferrer noopener\" href=\"https:\/\/www.dgs-fussball.de\/wordpress\/wp-content\/uploads\/2017\/02\/33.-1980-LS-N%C3%BCrnberg.pdf\" target=\"_blank\">1980 &#8211; 33. N\u00fcrnberg<\/a><br><a rel=\"noreferrer noopener\" href=\"https:\/\/www.dgs-fussball.de\/wordpress\/wp-content\/uploads\/2017\/02\/34.-1980-LS-Leeds.pdf\" target=\"_blank\">1980 &#8211; 34. Leeds<\/a><br><a rel=\"noreferrer noopener\" href=\"https:\/\/www.dgs-fussball.de\/wordpress\/wp-content\/uploads\/2017\/02\/35.-1980-LS-Br%C3%BCssel.pdf\" target=\"_blank\">1980 &#8211; 35. Br\u00fcssel<\/a><br><a rel=\"noreferrer noopener\" href=\"https:\/\/www.dgs-fussball.de\/wordpress\/wp-content\/uploads\/2017\/02\/36.-1981-LS-Rotterdam.pdf\" target=\"_blank\">1981 &#8211; 36. Rotterdam<\/a><br><a rel=\"noreferrer noopener\" href=\"https:\/\/www.dgs-fussball.de\/wordpress\/wp-content\/uploads\/2017\/02\/37.-1982-LS-Dublin.pdf\" target=\"_blank\">1982 &#8211; 37. Dublin<\/a><br><a rel=\"noreferrer noopener\" href=\"https:\/\/www.dgs-fussball.de\/wordpress\/wp-content\/uploads\/2017\/02\/38.-1982-LS-Veijle.pdf\" target=\"_blank\">1982 &#8211; 38. Veijle<\/a><br><a rel=\"noreferrer noopener\" href=\"https:\/\/www.dgs-fussball.de\/wordpress\/wp-content\/uploads\/2017\/02\/39.-1982-LS-Bayreuth.pdf\" target=\"_blank\">1982 &#8211; 39. Bayreuth<\/a><br><a rel=\"noreferrer noopener\" href=\"https:\/\/www.dgs-fussball.de\/wordpress\/wp-content\/uploads\/2017\/02\/40.-1983-LS-Malm%C3%B6.pdf\" target=\"_blank\">1983 &#8211; 40. Malm\u00f6<\/a><br><a rel=\"noreferrer noopener\" href=\"https:\/\/www.dgs-fussball.de\/wordpress\/wp-content\/uploads\/2017\/02\/41.-1983-LS-Wuppertal.pdf\" target=\"_blank\">1983 &#8211; 41. Wuppertal<\/a><br><a rel=\"noreferrer noopener\" href=\"https:\/\/www.dgs-fussball.de\/wordpress\/wp-content\/uploads\/2017\/02\/42-1983-LS-N%C3%BCrnberg.pdf\" target=\"_blank\">1983 &#8211; 42. N\u00fcrnberg<\/a><br><a rel=\"noreferrer noopener\" href=\"https:\/\/www.dgs-fussball.de\/wordpress\/wp-content\/uploads\/2017\/02\/43.-1984-LS-Karlsruhe.pdf\" target=\"_blank\">1984 &#8211; 43. Karlsruhe<\/a><br><a rel=\"noreferrer noopener\" href=\"https:\/\/www.dgs-fussball.de\/wordpress\/wp-content\/uploads\/2017\/02\/44.-1984-LS-Rebstein.pdf\" target=\"_blank\">1984 &#8211; 44. Rebstein<\/a><br><a rel=\"noreferrer noopener\" href=\"https:\/\/www.dgs-fussball.de\/wordpress\/wp-content\/uploads\/2017\/02\/45-1985-LS-Essen.pdf\" target=\"_blank\">1985 &#8211; 45. Essen<\/a><br><a rel=\"noreferrer noopener\" href=\"https:\/\/www.dgs-fussball.de\/wordpress\/wp-content\/uploads\/2017\/02\/46.-47.-1986-LS-Stara-Zagora.pdf\" target=\"_blank\">1986 &#8211; 46.\/47. Stara Zagora<\/a><br><a rel=\"noreferrer noopener\" href=\"https:\/\/www.dgs-fussball.de\/wordpress\/wp-content\/uploads\/2017\/02\/48.-1986-LS-Bremen.pdf\" target=\"_blank\">1986 &#8211; 48. Bremen<\/a><br><a rel=\"noreferrer noopener\" href=\"https:\/\/www.dgs-fussball.de\/wordpress\/wp-content\/uploads\/2017\/02\/49.-1986-LS-Oslo.pdf\" target=\"_blank\">1986 &#8211; 49. Oslo<\/a><br><a rel=\"noreferrer noopener\" href=\"https:\/\/www.dgs-fussball.de\/wordpress\/wp-content\/uploads\/2017\/02\/50.-bis-52.-1987-LS-Waterloo.pdf\" target=\"_blank\">1987 &#8211; 50.\/51.\/52. Waterloo<\/a><br><a rel=\"noreferrer noopener\" href=\"https:\/\/www.dgs-fussball.de\/wordpress\/wp-content\/uploads\/2017\/02\/53.-1987-LS-Karlsruhe.pdf\" target=\"_blank\">1987 &#8211; 53. Karlsruhe<\/a><br><a rel=\"noreferrer noopener\" href=\"https:\/\/www.dgs-fussball.de\/wordpress\/wp-content\/uploads\/2017\/02\/54.-bis-56.-1988-LS-Paris.pdf\" target=\"_blank\">1988 &#8211; 54.\/55.\/56. Paris<\/a><br><a rel=\"noreferrer noopener\" href=\"https:\/\/www.dgs-fussball.de\/wordpress\/wp-content\/uploads\/2017\/02\/57.-1988-LS-P%C3%A9cs.pdf\" target=\"_blank\">1988 &#8211; 57. P\u00e9cs<\/a><br><a rel=\"noreferrer noopener\" href=\"https:\/\/www.dgs-fussball.de\/wordpress\/wp-content\/uploads\/2017\/02\/58.-bis-60.-1988-LS-Breslau.pdf\" target=\"_blank\">1988 &#8211; 58.\/59.\/60. Breslau<\/a><br><a rel=\"noreferrer noopener\" href=\"https:\/\/www.dgs-fussball.de\/wordpress\/wp-content\/uploads\/2017\/02\/61.-Trencin-1988.pdf\" target=\"_blank\">1988 &#8211; 61. Trencin<\/a><br><a rel=\"noreferrer noopener\" href=\"https:\/\/www.dgs-fussball.de\/wordpress\/wp-content\/uploads\/2017\/02\/62.-bis-65.-1989-LS-Moskau-Leningrad.pdf\" target=\"_blank\">1989 &#8211; 62.\/63.\/64.\/65. Moskau und Leningrad<\/a><br><a rel=\"noreferrer noopener\" href=\"https:\/\/www.dgs-fussball.de\/wordpress\/wp-content\/uploads\/2017\/02\/66.-1989-LS-Hildesheim.pdf\" target=\"_blank\">1989 &#8211; 66. Hildesheim<\/a><br><a rel=\"noreferrer noopener\" href=\"https:\/\/www.dgs-fussball.de\/wordpress\/wp-content\/uploads\/2017\/02\/67.-1989-LS-Sofia.pdf\" target=\"_blank\">1989 &#8211; 67. Sofia<\/a><br><a rel=\"noreferrer noopener\" href=\"https:\/\/www.dgs-fussball.de\/wordpress\/wp-content\/uploads\/2017\/02\/68.-1990-LS-Wuppertal.pdf\" target=\"_blank\">1990 &#8211; 68. Wuppertal<\/a><br><a rel=\"noreferrer noopener\" href=\"https:\/\/www.dgs-fussball.de\/wordpress\/wp-content\/uploads\/2017\/02\/69.-1991-LS-Strasbourg.pdf\" target=\"_blank\">1991 &#8211; 69. Strasbourg<\/a><br><a rel=\"noreferrer noopener\" href=\"https:\/\/www.dgs-fussball.de\/wordpress\/wp-content\/uploads\/2017\/02\/70.-71.-1992-LS-Primorsko.pdf\" target=\"_blank\">1992 &#8211; 70.\/71. Primorsko<\/a><br><a rel=\"noreferrer noopener\" href=\"https:\/\/www.dgs-fussball.de\/wordpress\/wp-content\/uploads\/2017\/02\/72.-1993-LS-Madrid.pdf\" target=\"_blank\">1993 &#8211; 72. Madrid<\/a><br><a rel=\"noreferrer noopener\" href=\"https:\/\/www.dgs-fussball.de\/wordpress\/wp-content\/uploads\/2017\/02\/73.-bis-75.-1993-LS-Rostock.pdf\" target=\"_blank\">1993 &#8211; 73.\/74.\/75. Rostock<\/a><br><a rel=\"noreferrer noopener\" href=\"https:\/\/www.dgs-fussball.de\/wordpress\/wp-content\/uploads\/2017\/02\/76.-77.-1994-LS-Br%C3%BChl.pdf\" target=\"_blank\">1994 &#8211; 76.\/77. Br\u00fchl<\/a><br><a rel=\"noreferrer noopener\" href=\"https:\/\/www.dgs-fussball.de\/wordpress\/wp-content\/uploads\/2017\/02\/78.-79.-1994-LS-Kiew.pdf\" target=\"_blank\">1994 &#8211; 78.\/79. Kiew<\/a><br><a rel=\"noreferrer noopener\" href=\"https:\/\/www.dgs-fussball.de\/wordpress\/wp-content\/uploads\/2017\/02\/80.-1995-LS-Wuppertal.pdf\" target=\"_blank\">1995 &#8211; 80. Wuppertal<\/a><br><a rel=\"noreferrer noopener\" href=\"https:\/\/www.dgs-fussball.de\/wordpress\/wp-content\/uploads\/2017\/02\/81.-bis-83.-1996-LS-Kopenhagen.pdf\" target=\"_blank\">1996 &#8211; 81.\/82.\/83. Kopenhagen<\/a><br><a rel=\"noreferrer noopener\" href=\"https:\/\/www.dgs-fussball.de\/wordpress\/wp-content\/uploads\/2017\/02\/84.-1996-LS-Tel-Aviv.pdf\" target=\"_blank\">1996 &#8211; 84. Tel Aviv<\/a><br><a rel=\"noreferrer noopener\" href=\"https:\/\/www.dgs-fussball.de\/wordpress\/wp-content\/uploads\/2017\/02\/85.-1997-LS-Sotschi.pdf\" target=\"_blank\">1997 &#8211; 85. Sotschi<\/a><br><a rel=\"noreferrer noopener\" href=\"https:\/\/www.dgs-fussball.de\/wordpress\/wp-content\/uploads\/2017\/02\/86.-1997-LS-Pilzen.pdf\" target=\"_blank\">1997 &#8211; 86. Pilzen<\/a><br><a rel=\"noreferrer noopener\" href=\"https:\/\/www.dgs-fussball.de\/wordpress\/wp-content\/uploads\/2017\/02\/87.-1997-LS-M%C3%BCnchen.pdf\" target=\"_blank\">1997 &#8211; 87. M\u00fcnchen<\/a><br><a rel=\"noreferrer noopener\" href=\"https:\/\/www.dgs-fussball.de\/wordpress\/wp-content\/uploads\/2017\/02\/88.-bis-90.-1998-LS-Wuppertal.pdf\" target=\"_blank\">1998 &#8211; 88.\/89.\/90. Wuppertal<\/a><br><a rel=\"noreferrer noopener\" href=\"https:\/\/www.dgs-fussball.de\/wordpress\/wp-content\/uploads\/2017\/02\/91.-1999-LS-Hoensbroek.pdf\" target=\"_blank\">1999 &#8211; 91. Hoensbroek<\/a><br><a rel=\"noreferrer noopener\" href=\"https:\/\/www.dgs-fussball.de\/wordpress\/wp-content\/uploads\/2017\/02\/92.-2000-LS-Koblenz.pdf\" target=\"_blank\">2000 &#8211; 92. Koblenz<\/a><br><a rel=\"noreferrer noopener\" href=\"https:\/\/www.dgs-fussball.de\/wordpress\/wp-content\/uploads\/2017\/02\/93.-2000-LS-Winterthur.pdf\" target=\"_blank\">2000 &#8211; 93. Winterthur<\/a><br><a rel=\"noreferrer noopener\" href=\"https:\/\/www.dgs-fussball.de\/wordpress\/wp-content\/uploads\/2017\/02\/94.-2001-LS-Bremen.pdf\" target=\"_blank\">2001 &#8211; 94. Bremen<\/a><br><a rel=\"noreferrer noopener\" href=\"https:\/\/www.dgs-fussball.de\/wordpress\/wp-content\/uploads\/2017\/02\/95.-96.-2001-LS-Graz.pdf\" target=\"_blank\">2001 &#8211; 95.\/96. Graz<\/a><br><a rel=\"noreferrer noopener\" href=\"https:\/\/www.dgs-fussball.de\/wordpress\/wp-content\/uploads\/2017\/02\/97.-2003-LS-D%C3%BCsseldorf.pdf\" target=\"_blank\">2003 &#8211; 97. D\u00fcsseldorf<\/a><br><a rel=\"noreferrer noopener\" href=\"https:\/\/www.dgs-fussball.de\/wordpress\/wp-content\/uploads\/2017\/02\/98.-2005-LS-Neckargem%C3%BCnd-bei-Heidelberg.pdf\" target=\"_blank\">2005 &#8211; 98. Neckargem\u00fcnd\/Heidelberg<\/a><br><a rel=\"noreferrer noopener\" href=\"https:\/\/www.dgs-fussball.de\/wordpress\/wp-content\/uploads\/2017\/02\/99.-2005-LS-Darmstadt.pdf\" target=\"_blank\">2005 &#8211; 99. Darmstadt<\/a><br><a rel=\"noreferrer noopener\" href=\"https:\/\/www.dgs-fussball.de\/wordpress\/wp-content\/uploads\/2017\/02\/100.-2005-LS-D%C3%BCsseldorf.pdf\" target=\"_blank\">2005 &#8211; 100. D\u00fcsseldorf<\/a><br><a rel=\"noreferrer noopener\" href=\"https:\/\/www.dgs-fussball.de\/wordpress\/wp-content\/uploads\/2017\/02\/101.-2006-LS-Pombal.pdf\" target=\"_blank\">2006 &#8211; 101. Pombal<\/a><br><a rel=\"noreferrer noopener\" href=\"https:\/\/www.dgs-fussball.de\/wordpress\/wp-content\/uploads\/2017\/02\/103-105-2009-LS-Landgraaf.pdf\" target=\"_blank\">2009 &#8211; 103.\/104.\/105. Landgraaf<\/a><br><a rel=\"noreferrer noopener\" href=\"https:\/\/www.dgs-fussball.de\/wordpress\/wp-content\/uploads\/2017\/02\/106.-2009-LS-G%C3%BCglingen.pdf\" target=\"_blank\">2009 &#8211; 106. G\u00fcglingen<\/a><br><a rel=\"noreferrer noopener\" href=\"https:\/\/www.dgs-fussball.de\/wordpress\/wp-content\/uploads\/2017\/02\/107-108.-2014-in-Hannover.pdf\" target=\"_blank\">2014 &#8211; 107.\/108. Hannover<\/a><\/p>\n","protected":false},"excerpt":{"rendered":"<p>1959 &#8211; 1.\/2.\/3. Paris und Arnheim1960 &#8211; 4.\/5. Ljubljana1962 &#8211; 7.\/8. Deggendorf + Haar, M\u00fcnchen1964 &#8211; 9. K\u00f6ln1966 &#8211; 10. Malm\u00f61967 &#8211; 11. Paris1967 &#8211; 12. Berlin1968 &#8211; 13. Stuttgart1968 &#8211; 14. Duisburg1969 &#8211; 15. Amsterdam1970 &#8211; 16. M\u00fcnchen1970 &#8211; 17. Kopenhagen1971 &#8211; 18. M\u00fcnchen1971 &#8211; 19. V\u00e4steras1974 &#8211; 20. Zofingen1974 &#8211; 21. Gouda1975 &#8211; 22. Hamburg1975 &#8211; 23. Wiedenbr\u00fcck1975<\/p>\n","protected":false},"author":1,"featured_media":0,"parent":0,"menu_order":0,"comment_status":"closed","ping_status":"closed","template":"","meta":{"ngg_post_thumbnail":0,"footnotes":""},"class_list":["post-6367","page","type-page","status-publish","hentry"],"_links":{"self":[{"href":"https:\/\/www.dgs-fussball.de\/index.php?rest_route=\/wp\/v2\/pages\/6367","targetHints":{"allow":["GET"]}}],"collection":[{"href":"https:\/\/www.dgs-fussball.de\/index.php?rest_route=\/wp\/v2\/pages"}],"about":[{"href":"https:\/\/www.dgs-fussball.de\/index.php?rest_route=\/wp\/v2\/types\/page"}],"author":[{"embeddable":true,"href":"https:\/\/www.dgs-fussball.de\/index.php?rest_route=\/wp\/v2\/users\/1"}],"replies":[{"embeddable":true,"href":"https:\/\/www.dgs-fussball.de\/index.php?rest_route=%2Fwp%2Fv2%2Fcomments&post=6367"}],"version-history":[{"count":3,"href":"https:\/\/www.dgs-fussball.de\/index.php?rest_route=\/wp\/v2\/pages\/6367\/revisions"}],"predecessor-version":[{"id":6371,"href":"https:\/\/www.dgs-fussball.de\/index.php?rest_route=\/wp\/v2\/pages\/6367\/revisions\/6371"}],"wp:attachment":[{"href":"https:\/\/www.dgs-fussball.de\/index.php?rest_route=%2Fwp%2Fv2%2Fmedia&parent=6367"}],"curies":[{"name":"wp","href":"https:\/\/api.w.org\/{rel}","templated":true}]}}