{"id":999,"date":"2012-10-30T16:39:47","date_gmt":"2012-10-30T14:39:47","guid":{"rendered":"http:\/\/www.dgs-fussball.de\/?page_id=999"},"modified":"2021-06-11T06:55:29","modified_gmt":"2021-06-11T05:55:29","slug":"herren-em-qualifaktion","status":"publish","type":"page","link":"https:\/\/www.dgs-fussball.de\/?page_id=999","title":{"rendered":"Herren &#8211; Europameisterschaft"},"content":{"rendered":"\n<p style=\"font-size:18px\"><strong>Qualifikation<\/strong><\/p>\n\n\n\n<p><a rel=\"noreferrer noopener\" href=\"https:\/\/www.dgs-fussball.de\/wordpress\/wp-content\/uploads\/2012\/10\/Ausscheidungsspiel-1998-in-Augsburg-fuer-EM-Oslo-1999.pdf\" target=\"_blank\">Ausscheidungsspiel 1998 in Augsburg f\u00fcr EM Oslo 1999<\/a><\/p>\n\n\n\n<p><a href=\"https:\/\/www.dgs-fussball.de\/wordpress\/wp-content\/uploads\/2012\/10\/Ausscheidungsspiel-2002-in-Bratislava-fuer-EM-Torremolinos-2003.pdf\" target=\"_blank\" rel=\"noreferrer noopener\">Ausscheidungsspiel 2002 in Bratislava f\u00fcr EM Torremolinos 2003<\/a><\/p>\n\n\n\n<p><a href=\"https:\/\/www.dgs-fussball.de\/wordpress\/wp-content\/uploads\/2012\/10\/Ausscheidungsspiel-2002-in-Muenchen-fuer-EM-Torremolinos-2003.pdf\">Ausscheidungsspiel 2002 in M\u00fcnchen f\u00fcr EM Torremolinos 2003<\/a><\/p>\n\n\n\n<p><a href=\"https:\/\/www.dgs-fussball.de\/wordpress\/wp-content\/uploads\/2012\/10\/Ausscheidungsspiel-2002-in-Retie-fuer-EM-Torremolinos-2003.pdf\" target=\"_blank\" rel=\"noreferrer noopener\">Ausscheidungsspiel 2002 in Retie f\u00fcr EM Torremolinos 2003<\/a><\/p>\n\n\n\n<p><a href=\"https:\/\/www.dgs-fussball.de\/wordpress\/wp-content\/uploads\/2012\/10\/Ausscheidungsspiel-2002-in-Stuttgart-fuer-EM-Torremolinos-2003.pdf\" target=\"_blank\" rel=\"noreferrer noopener\">Ausscheidungsspiel 2002 in Stuttgart f\u00fcr EM Torremolinos 2003<\/a><\/p>\n\n\n\n<p><a href=\"https:\/\/www.dgs-fussball.de\/wordpress\/wp-content\/uploads\/2012\/10\/EM-Qualifikation-2010-in-Essen.pdf\" target=\"_blank\" rel=\"noreferrer noopener\">EM Qualifikation 2010 in Essen<\/a><\/p>\n\n\n\n<p><a href=\"https:\/\/www.dgs-fussball.de\/wordpress\/wp-content\/uploads\/2012\/10\/EM-Qualifikation-2010-in-Prag.pdf\" target=\"_blank\" rel=\"noreferrer noopener\">EM Qualifikation 2010 in Prag<\/a><\/p>\n\n\n\n<p><a href=\"https:\/\/www.dgs-fussball.de\/wordpress\/wp-content\/uploads\/2018\/07\/EM-QU-ITA-GER-2018.pdf\" target=\"_blank\" rel=\"noreferrer noopener\">EM-QU ITA &#8211; GER 2018<\/a><\/p>\n\n\n\n<p><a rel=\"noreferrer noopener\" href=\"https:\/\/www.dgs-fussball.de\/wordpress\/wp-content\/uploads\/2018\/07\/GER-SER-7-1.pdf\" target=\"_blank\">EM-QU &#8211; GER &#8211; SER &#8211; 2018<\/a><\/p>\n\n\n\n<p style=\"font-size:18px\"><strong>Europameisterschaft<\/strong><\/p>\n\n\n\n<div class=\"wp-block-file\"><a href=\"https:\/\/www.dgs-fussball.de\/wordpress\/wp-content\/uploads\/2021\/06\/1.-EM-1987-in-Viareggio.pdf\" target=\"_blank\" rel=\"noreferrer noopener\">1.-EM-1987-in-Viareggio<\/a><a href=\"https:\/\/www.dgs-fussball.de\/wordpress\/wp-content\/uploads\/2021\/06\/1.-EM-1987-in-Viareggio.pdf\" class=\"wp-block-file__button\" download>Herunterladen<\/a><\/div>\n\n\n\n<div class=\"wp-block-file\"><a href=\"https:\/\/www.dgs-fussball.de\/wordpress\/wp-content\/uploads\/2021\/06\/2.-EM-1991-in-Gent.pdf\" target=\"_blank\" rel=\"noreferrer noopener\">2.-EM-1991-in-Gent<\/a><a href=\"https:\/\/www.dgs-fussball.de\/wordpress\/wp-content\/uploads\/2021\/06\/2.-EM-1991-in-Gent.pdf\" class=\"wp-block-file__button\" download>Herunterladen<\/a><\/div>\n\n\n\n<div class=\"wp-block-file\"><a href=\"https:\/\/www.dgs-fussball.de\/wordpress\/wp-content\/uploads\/2021\/06\/3.-EM-1995-in-Berlin.pdf\" target=\"_blank\" rel=\"noreferrer noopener\">3.-EM-1995-in-Berlin<\/a><a href=\"https:\/\/www.dgs-fussball.de\/wordpress\/wp-content\/uploads\/2021\/06\/3.-EM-1995-in-Berlin.pdf\" class=\"wp-block-file__button\" download>Herunterladen<\/a><\/div>\n\n\n\n<div class=\"wp-block-file\"><a href=\"https:\/\/www.dgs-fussball.de\/wordpress\/wp-content\/uploads\/2021\/06\/4.-EM-1999-in-Oslo.pdf\" target=\"_blank\" rel=\"noreferrer noopener\">4.-EM-1999-in-Oslo<\/a><a href=\"https:\/\/www.dgs-fussball.de\/wordpress\/wp-content\/uploads\/2021\/06\/4.-EM-1999-in-Oslo.pdf\" class=\"wp-block-file__button\" download>Herunterladen<\/a><\/div>\n\n\n\n<div class=\"wp-block-file\"><a href=\"https:\/\/www.dgs-fussball.de\/wordpress\/wp-content\/uploads\/2021\/06\/5.-EM-2003-in-Torremolinos.pdf\" target=\"_blank\" rel=\"noreferrer noopener\">5.-EM-2003-in-Torremolinos<\/a><a href=\"https:\/\/www.dgs-fussball.de\/wordpress\/wp-content\/uploads\/2021\/06\/5.-EM-2003-in-Torremolinos.pdf\" class=\"wp-block-file__button\" download>Herunterladen<\/a><\/div>\n\n\n\n<div class=\"wp-block-file\"><a href=\"https:\/\/www.dgs-fussball.de\/wordpress\/wp-content\/uploads\/2021\/06\/6.-EM-2007-in-Lissabon.pdf\" target=\"_blank\" rel=\"noreferrer noopener\">6.-EM-2007-in-Lissabon<\/a><a href=\"https:\/\/www.dgs-fussball.de\/wordpress\/wp-content\/uploads\/2021\/06\/6.-EM-2007-in-Lissabon.pdf\" class=\"wp-block-file__button\" download>Herunterladen<\/a><\/div>\n\n\n\n<div class=\"wp-block-file\"><a href=\"https:\/\/www.dgs-fussball.de\/wordpress\/wp-content\/uploads\/2021\/06\/7.-EM-2011-in-Odense.pdf\" target=\"_blank\" rel=\"noreferrer noopener\">7.-EM-2011-in-Odense<\/a><a href=\"https:\/\/www.dgs-fussball.de\/wordpress\/wp-content\/uploads\/2021\/06\/7.-EM-2011-in-Odense.pdf\" class=\"wp-block-file__button\" download>Herunterladen<\/a><\/div>\n\n\n\n<div class=\"wp-block-file\"><a href=\"https:\/\/www.dgs-fussball.de\/wordpress\/wp-content\/uploads\/2021\/06\/8.-EM-2015-in-Hannover.pdf\" target=\"_blank\" rel=\"noreferrer noopener\">8.-EM-2015-in-Hannover<\/a><a href=\"https:\/\/www.dgs-fussball.de\/wordpress\/wp-content\/uploads\/2021\/06\/8.-EM-2015-in-Hannover.pdf\" class=\"wp-block-file__button\" download>Herunterladen<\/a><\/div>\n\n\n\n<p><\/p>\n","protected":false},"excerpt":{"rendered":"<p>Qualifikation Ausscheidungsspiel 1998 in Augsburg f\u00fcr EM Oslo 1999 Ausscheidungsspiel 2002 in Bratislava f\u00fcr EM Torremolinos 2003 Ausscheidungsspiel 2002 in M\u00fcnchen f\u00fcr EM Torremolinos 2003 Ausscheidungsspiel 2002 in Retie f\u00fcr EM Torremolinos 2003 Ausscheidungsspiel 2002 in Stuttgart f\u00fcr EM Torremolinos 2003 EM Qualifikation 2010 in Essen EM Qualifikation 2010 in Prag EM-QU ITA &#8211; GER 2018 EM-QU &#8211; GER &#8211;<\/p>\n","protected":false},"author":1,"featured_media":0,"parent":0,"menu_order":0,"comment_status":"closed","ping_status":"closed","template":"","meta":{"ngg_post_thumbnail":0,"footnotes":""},"class_list":["post-999","page","type-page","status-publish","hentry"],"_links":{"self":[{"href":"https:\/\/www.dgs-fussball.de\/index.php?rest_route=\/wp\/v2\/pages\/999","targetHints":{"allow":["GET"]}}],"collection":[{"href":"https:\/\/www.dgs-fussball.de\/index.php?rest_route=\/wp\/v2\/pages"}],"about":[{"href":"https:\/\/www.dgs-fussball.de\/index.php?rest_route=\/wp\/v2\/types\/page"}],"author":[{"embeddable":true,"href":"https:\/\/www.dgs-fussball.de\/index.php?rest_route=\/wp\/v2\/users\/1"}],"replies":[{"embeddable":true,"href":"https:\/\/www.dgs-fussball.de\/index.php?rest_route=%2Fwp%2Fv2%2Fcomments&post=999"}],"version-history":[{"count":10,"href":"https:\/\/www.dgs-fussball.de\/index.php?rest_route=\/wp\/v2\/pages\/999\/revisions"}],"predecessor-version":[{"id":6463,"href":"https:\/\/www.dgs-fussball.de\/index.php?rest_route=\/wp\/v2\/pages\/999\/revisions\/6463"}],"wp:attachment":[{"href":"https:\/\/www.dgs-fussball.de\/index.php?rest_route=%2Fwp%2Fv2%2Fmedia&parent=999"}],"curies":[{"name":"wp","href":"https:\/\/api.w.org\/{rel}","templated":true}]}}